{"id":100,"date":"2015-08-08T19:00:27","date_gmt":"2015-08-08T22:00:27","guid":{"rendered":"http:\/\/www.eficaxconsultancy.rs\/?page_id=100"},"modified":"2024-03-12T16:42:28","modified_gmt":"2024-03-12T19:42:28","slug":"resultados","status":"publish","type":"page","link":"https:\/\/www.eficax.rs\/?page_id=100","title":{"rendered":"Resultados"},"content":{"rendered":"\n<p><strong>C\u00f3digos Tribut\u00e1rios <\/strong><\/p>\n\n\n\n<iframe loading=\"lazy\" title=\"CTMs\" width=\"600\" height=\"373.5\" src=\"https:\/\/app.powerbi.com\/view?r=eyJrIjoiYzM1YWI2OWMtNDVlYi00NWZkLTlmODEtMGQ3MGM5Y2E5MDZiIiwidCI6IjFiYjk3MjgyLTI4NWQtNGI4MC04ODdlLWY5Y2ViNjFkYmIzMiJ9\" frameborder=\"0\" allowfullscreen=\"true\"><\/iframe>\n\n\n\n<h2>% de Receita Pr\u00f3pria &#8211; Munic\u00edpios &#8211; 2019 &#8211; 2023<\/h2>\n\n\n\n<iframe loading=\"lazy\" title=\"Receita Pr\u00f3pria Munic\u00edpios - RS\" width=\"600\" height=\"373.5\" src=\"https:\/\/app.powerbi.com\/view?r=eyJrIjoiYjA1YzVmMTktZTc0MS00N2U1LWJjNmMtZjQ1NjZhM2M2OWM1IiwidCI6IjFiYjk3MjgyLTI4NWQtNGI4MC04ODdlLWY5Y2ViNjFkYmIzMiJ9\" frameborder=\"0\" allowfullscreen=\"true\"><\/iframe>\n\n\n\n<h2>Arrecada\u00e7\u00e3o Tributos Per Capita &#8211; Munic\u00edpios &#8211; 2019 &#8211; 2023<\/h2>\n\n\n\n<iframe loading=\"lazy\" title=\"Tributos per capita\" width=\"600\" height=\"373.5\" src=\"https:\/\/app.powerbi.com\/view?r=eyJrIjoiYjFkZWJmYjQtZDAwZC00YzAzLTljZDgtODJjNTg4NGI4ZDRiIiwidCI6IjFiYjk3MjgyLTI4NWQtNGI4MC04ODdlLWY5Y2ViNjFkYmIzMiJ9\" frameborder=\"0\" allowfullscreen=\"true\"><\/iframe>\n\n\n\n<h2>Comparativos &#8211; Receitas Pr\u00f3prias<\/h2>\n\n\n\n<iframe loading=\"lazy\" title=\"Comparativos Receita Pr\u00f3pria<iframe loading=\"lazy\" title=\" report=\"\" section\"=\"\" width=\"600\" height=\"373.5\" src=\"https:\/\/app.powerbi.com\/view?r=eyJrIjoiZDQ5ZTljNDMtN2I4MS00ZWY1LWE5YjctMmZhOWM2MjQxZDAyIiwidCI6IjFiYjk3MjgyLTI4NWQtNGI4MC04ODdlLWY5Y2ViNjFkYmIzMiJ9\" frameborder=\"0\" allowfullscreen=\"true\"><\/iframe>\n\n\n\n<h2> Arrecada\u00e7\u00e3o de ISS &#8211; Munic\u00edpios atendidos atualmente pela Eficax <\/h2>\n\n\n\n<iframe loading=\"lazy\" title=\"teste iss - P\u00e1gina 1\" width=\"600\" height=\"373.5\" src=\"https:\/\/app.powerbi.com\/view?r=eyJrIjoiMzdiYTFiZjItYTc0Ny00ZDMxLTlmYjMtMDlkMmZiNjRmZDJkIiwidCI6IjFiYjk3MjgyLTI4NWQtNGI4MC04ODdlLWY5Y2ViNjFkYmIzMiJ9\" frameborder=\"0\" allowfullscreen=\"true\"><\/iframe>\n\n\n\n<h2>  Arrecada\u00e7\u00e3o Pr\u00f3pria e Total Per Capita por Munic\u00edpio \/ RS  <\/h2>\n\n\n\n<iframe loading=\"lazy\" title=\"Mapa Bolhas Correto - P\u00e1gina 1\" width=\"800\" height=\"636\" src=\"https:\/\/app.powerbi.com\/view?r=eyJrIjoiOGY3MTQzM2ItZGRhZS00NmM2LWE4MjktMjk4NWE0YjkxY2YzIiwidCI6IjFiYjk3MjgyLTI4NWQtNGI4MC04ODdlLWY5Y2ViNjFkYmIzMiJ9\" frameborder=\"0\" allowfullscreen=\"true\"><\/iframe>\n\n\n<h3>Resultados Eficax<\/h3>\n<p align=\"justify\">Os resultados s\u00e3o frutos do trabalho com qualidade e excel\u00eancia, a Eficax ao longo dos anos vem aprimorando suas t\u00e9cnicas e atingido dia ap\u00f3s dias os melhores resultados em gera\u00e7\u00e3o de receitas para o munic\u00edpio.<\/p>\n<h3>An\u00e1lise de caso: Crescimento estimado do Munic\u00edpio de S\u00e3o Gabriel<\/h3>\n<h1>Demonstrativo de crescimento m\u00e9dio!<\/h1>\n<h4>Estimativa real baseada em estudos de caso.<\/h4>\n<p align=\"justify\">Observa-se que S\u00e3o Gabriel \u00e9 a 5\u00aa maior arrecada\u00e7\u00e3o de ISS da regi\u00e3o da Fronteira Oeste, por\u00e9m, quando levado em considera\u00e7\u00e3o a receita de ISS efetiva per capita, com dados do IBGE, dividindo-se o total da arrecada\u00e7\u00e3o acima pelo n\u00famero de habitantes, tem-se o ISS per capto de 53,4.<\/p>\n<p align=\"justify\">Na an\u00e1lise comparativa da m\u00e9dia, e, estipulando uma estimativa de arrecada\u00e7\u00e3o para o ano de 2015, estima-se um acr\u00e9scimo de receita de ISS de 14,80%, o que representar\u00e1, se confirmada a m\u00e9dia atual de arrecada\u00e7\u00e3o, em um ganho de aproximadamente R$ 470 mil reais a mais na arrecada\u00e7\u00e3o no comparativo com 2014.<\/p>\n<p align=\"justify\">A arrecada\u00e7\u00e3o do primeiro trimestre de 2015 em rela\u00e7\u00e3o ao primeiro trimestre de 2014 \u00e9 27,05% maior, o que demonstra um bom acr\u00e9scimo de receita de ISS. Pela m\u00e9dia hist\u00f3rica, o segundo semestre no ano a arrecada\u00e7\u00e3o \u00e9 maior do que no primeiro semestre, isso se demonstra nos anos de 2013 e 2014 repetidamente.<\/p>\n<h2>Mais Informa\u00e7\u00f5es<\/h2>\n<h5>Invista no crescimento<\/h5>\n<p><a href=\"http:\/\/www.eficaxconsultancy.rs\/?page_id=43\"><br \/>Contato<\/a><\/p>\n<h2>Acompanhe os resultados:<\/h2>\n<article data-id=\"436\">\n<header>\n<h2><a title=\"R$360 mil a mais em ISS na Soledade\" href=\"https:\/\/www.eficax.rs\/?p=436\">R$360 mil a mais em ISS na Soledade<\/a><\/h2>\n<\/header>\n<p>No comparativo do primeiro quadrimestre de 2018 em rela\u00e7\u00e3o ao&#8230;<\/p>\n<p><a href=\"https:\/\/www.eficax.rs\/?p=436\">Leia Mais&#8230;<\/a><\/p>\n<\/article>\n\n\n<pre class=\"wp-block-code\"><code><\/code><\/pre>\n","protected":false},"excerpt":{"rendered":"<p>C\u00f3digos Tribut\u00e1rios % de Receita Pr\u00f3pria &#8211; Munic\u00edpios &#8211; 2019 &#8211; 2023 Arrecada\u00e7\u00e3o Tributos Per Capita &#8211; Munic\u00edpios &#8211; 2019 &#8211; 2023 Comparativos &#8211; Receitas Pr\u00f3prias<\/p>\n","protected":false},"author":1,"featured_media":249,"parent":0,"menu_order":0,"comment_status":"closed","ping_status":"open","template":"","meta":[],"wppr_data":{"cwp_meta_box_check":"No"},"acf":[],"_links":{"self":[{"href":"https:\/\/www.eficax.rs\/index.php?rest_route=\/wp\/v2\/pages\/100"}],"collection":[{"href":"https:\/\/www.eficax.rs\/index.php?rest_route=\/wp\/v2\/pages"}],"about":[{"href":"https:\/\/www.eficax.rs\/index.php?rest_route=\/wp\/v2\/types\/page"}],"author":[{"embeddable":true,"href":"https:\/\/www.eficax.rs\/index.php?rest_route=\/wp\/v2\/users\/1"}],"replies":[{"embeddable":true,"href":"https:\/\/www.eficax.rs\/index.php?rest_route=%2Fwp%2Fv2%2Fcomments&post=100"}],"version-history":[{"count":77,"href":"https:\/\/www.eficax.rs\/index.php?rest_route=\/wp\/v2\/pages\/100\/revisions"}],"predecessor-version":[{"id":886,"href":"https:\/\/www.eficax.rs\/index.php?rest_route=\/wp\/v2\/pages\/100\/revisions\/886"}],"wp:featuredmedia":[{"embeddable":true,"href":"https:\/\/www.eficax.rs\/index.php?rest_route=\/wp\/v2\/media\/249"}],"wp:attachment":[{"href":"https:\/\/www.eficax.rs\/index.php?rest_route=%2Fwp%2Fv2%2Fmedia&parent=100"}],"curies":[{"name":"wp","href":"https:\/\/api.w.org\/{rel}","templated":true}]}}