{"id":19,"date":"2015-07-10T22:07:05","date_gmt":"2015-07-11T01:07:05","guid":{"rendered":"http:\/\/www.eficaxconsultancy.rs\/?page_id=19"},"modified":"2021-04-08T17:47:50","modified_gmt":"2021-04-08T20:47:50","slug":"servicos","status":"publish","type":"page","link":"https:\/\/www.eficax.rs\/?page_id=19","title":{"rendered":"Servi\u00e7os"},"content":{"rendered":"\t\t<div data-elementor-type=\"wp-page\" data-elementor-id=\"19\" class=\"elementor elementor-19\">\n\t\t\t\t\t\t\t\t\t<section class=\"elementor-section elementor-top-section elementor-element elementor-element-b61e455 elementor-section-boxed elementor-section-height-default elementor-section-height-default\" data-id=\"b61e455\" data-element_type=\"section\">\n\t\t\t\t\t\t<div class=\"elementor-container elementor-column-gap-default\">\n\t\t\t\t\t<div class=\"elementor-column elementor-col-100 elementor-top-column elementor-element elementor-element-58bb8ee2\" data-id=\"58bb8ee2\" data-element_type=\"column\">\n\t\t\t<div class=\"elementor-widget-wrap elementor-element-populated\">\n\t\t\t\t\t\t\t\t<div class=\"elementor-element elementor-element-789c6a59 elementor-widget elementor-widget-text-editor\" data-id=\"789c6a59\" data-element_type=\"widget\" data-widget_type=\"text-editor.default\">\n\t\t\t\t<div class=\"elementor-widget-container\">\n\t\t\t\t\t\t\t<h3 class=\"widget-title\">PLANEJAMENTO CONSULTORIA E ASSESSORIA TRIBUT\u00c1RIA<\/h3><p>\u2022 Diagnosticar problemas relativos a arrecada\u00e7\u00e3o Municipal<br \/>\u2022 Orienta\u00e7\u00e3o e estudos para incremento de receita Municipal<br \/>\u2022 Implantar Programa de capacita\u00e7\u00e3o t\u00e9cnica<br \/>\u2022 Orientar a Fiscaliza\u00e7\u00e3o e Auditoria (processo e procedimento fiscal)<br \/>\u2022 Cruzamento de dados para auditoria e fiscaliza\u00e7\u00e3o tribut\u00e1ria<br \/>\u2022 Institui\u00e7\u00e3o do Planejamento Estrat\u00e9gico Tribut\u00e1rio Municipal<br \/>\u2022 Implementar a\u00e7\u00f5es para forma\u00e7\u00e3o de informa\u00e7\u00f5es gerenciais e estrat\u00e9gicas para tomada de decis\u00e3o<br \/>\u2022 Assessoria e Consultoria em Gest\u00e3o P\u00fablica<\/p>\t\t\t\t\t\t<\/div>\n\t\t\t\t<\/div>\n\t\t\t\t\t<\/div>\n\t\t<\/div>\n\t\t\t\t\t\t\t<\/div>\n\t\t<\/section>\n\t\t\t\t<section class=\"elementor-section elementor-top-section elementor-element elementor-element-97bc8ef elementor-section-boxed elementor-section-height-default elementor-section-height-default\" data-id=\"97bc8ef\" data-element_type=\"section\">\n\t\t\t\t\t\t<div class=\"elementor-container elementor-column-gap-default\">\n\t\t\t\t\t<div class=\"elementor-column elementor-col-100 elementor-top-column elementor-element elementor-element-dbd299b\" data-id=\"dbd299b\" data-element_type=\"column\">\n\t\t\t<div class=\"elementor-widget-wrap elementor-element-populated\">\n\t\t\t\t\t\t\t\t<div class=\"elementor-element elementor-element-2ae3aec elementor-widget elementor-widget-image\" data-id=\"2ae3aec\" data-element_type=\"widget\" data-widget_type=\"image.default\">\n\t\t\t\t<div class=\"elementor-widget-container\">\n\t\t\t\t\t\t\t\t\t\t\t\t\t\t\t<img width=\"720\" height=\"225\" src=\"https:\/\/www.eficax.rs\/wp-content\/uploads\/2016\/08\/frases_eficiencia.png\" class=\"attachment-large size-large\" alt=\"\" loading=\"lazy\" srcset=\"https:\/\/www.eficax.rs\/wp-content\/uploads\/2016\/08\/frases_eficiencia.png 720w, https:\/\/www.eficax.rs\/wp-content\/uploads\/2016\/08\/frases_eficiencia-300x94.png 300w, https:\/\/www.eficax.rs\/wp-content\/uploads\/2016\/08\/frases_eficiencia-50x16.png 50w\" sizes=\"(max-width: 720px) 100vw, 720px\" \/>\t\t\t\t\t\t\t\t\t\t\t\t\t\t\t<\/div>\n\t\t\t\t<\/div>\n\t\t\t\t\t<\/div>\n\t\t<\/div>\n\t\t\t\t\t\t\t<\/div>\n\t\t<\/section>\n\t\t\t\t\t\t\t<\/div>\n\t\t","protected":false},"excerpt":{"rendered":"<p>PLANEJAMENTO CONSULTORIA E ASSESSORIA TRIBUT\u00c1RIA \u2022 Diagnosticar problemas relativos a arrecada\u00e7\u00e3o Municipal\u2022 Orienta\u00e7\u00e3o e estudos para incremento de receita Municipal\u2022 Implantar Programa de capacita\u00e7\u00e3o t\u00e9cnica\u2022 Orientar a Fiscaliza\u00e7\u00e3o e Auditoria (processo e procedimento fiscal)\u2022 Cruzamento de dados para auditoria e fiscaliza\u00e7\u00e3o tribut\u00e1ria\u2022 Institui\u00e7\u00e3o do Planejamento Estrat\u00e9gico Tribut\u00e1rio Municipal\u2022 Implementar a\u00e7\u00f5es para forma\u00e7\u00e3o de informa\u00e7\u00f5es gerenciais&hellip; <br \/> <a class=\"read-more\" href=\"https:\/\/www.eficax.rs\/?page_id=19\">Leia mais<\/a><\/p>\n","protected":false},"author":1,"featured_media":0,"parent":0,"menu_order":0,"comment_status":"closed","ping_status":"open","template":"","meta":[],"wppr_data":{"cwp_meta_box_check":"No"},"acf":[],"_links":{"self":[{"href":"https:\/\/www.eficax.rs\/index.php?rest_route=\/wp\/v2\/pages\/19"}],"collection":[{"href":"https:\/\/www.eficax.rs\/index.php?rest_route=\/wp\/v2\/pages"}],"about":[{"href":"https:\/\/www.eficax.rs\/index.php?rest_route=\/wp\/v2\/types\/page"}],"author":[{"embeddable":true,"href":"https:\/\/www.eficax.rs\/index.php?rest_route=\/wp\/v2\/users\/1"}],"replies":[{"embeddable":true,"href":"https:\/\/www.eficax.rs\/index.php?rest_route=%2Fwp%2Fv2%2Fcomments&post=19"}],"version-history":[{"count":13,"href":"https:\/\/www.eficax.rs\/index.php?rest_route=\/wp\/v2\/pages\/19\/revisions"}],"predecessor-version":[{"id":564,"href":"https:\/\/www.eficax.rs\/index.php?rest_route=\/wp\/v2\/pages\/19\/revisions\/564"}],"wp:attachment":[{"href":"https:\/\/www.eficax.rs\/index.php?rest_route=%2Fwp%2Fv2%2Fmedia&parent=19"}],"curies":[{"name":"wp","href":"https:\/\/api.w.org\/{rel}","templated":true}]}}