{"id":40,"date":"2015-07-18T20:37:58","date_gmt":"2015-07-18T23:37:58","guid":{"rendered":"http:\/\/www.eficaxconsultancy.rs\/?page_id=40"},"modified":"2021-04-08T18:16:35","modified_gmt":"2021-04-08T21:16:35","slug":"quem-somos","status":"publish","type":"page","link":"https:\/\/www.eficax.rs\/?page_id=40","title":{"rendered":"Quem Somos"},"content":{"rendered":"\t\t<div data-elementor-type=\"wp-page\" data-elementor-id=\"40\" class=\"elementor elementor-40\">\n\t\t\t\t\t\t\t\t\t<section class=\"elementor-section elementor-top-section elementor-element elementor-element-3ef0afa9 elementor-section-boxed elementor-section-height-default elementor-section-height-default\" data-id=\"3ef0afa9\" data-element_type=\"section\">\n\t\t\t\t\t\t<div class=\"elementor-container elementor-column-gap-default\">\n\t\t\t\t\t<div class=\"elementor-column elementor-col-100 elementor-top-column elementor-element elementor-element-5acbece1\" data-id=\"5acbece1\" data-element_type=\"column\">\n\t\t\t<div class=\"elementor-widget-wrap elementor-element-populated\">\n\t\t\t\t\t\t\t\t<div class=\"elementor-element elementor-element-af354d0 elementor-widget elementor-widget-image\" data-id=\"af354d0\" data-element_type=\"widget\" data-widget_type=\"image.default\">\n\t\t\t\t<div class=\"elementor-widget-container\">\n\t\t\t\t\t\t\t\t\t\t\t\t\t\t\t<img width=\"160\" height=\"60\" src=\"https:\/\/www.eficax.rs\/wp-content\/uploads\/2021\/03\/logo_normal.png\" class=\"attachment-large size-large\" alt=\"\" loading=\"lazy\" srcset=\"https:\/\/www.eficax.rs\/wp-content\/uploads\/2021\/03\/logo_normal.png 160w, https:\/\/www.eficax.rs\/wp-content\/uploads\/2021\/03\/logo_normal-50x19.png 50w\" sizes=\"(max-width: 160px) 100vw, 160px\" \/>\t\t\t\t\t\t\t\t\t\t\t\t\t\t\t<\/div>\n\t\t\t\t<\/div>\n\t\t\t\t<div class=\"elementor-element elementor-element-1dc2190 elementor-widget elementor-widget-heading\" data-id=\"1dc2190\" data-element_type=\"widget\" data-widget_type=\"heading.default\">\n\t\t\t\t<div class=\"elementor-widget-container\">\n\t\t\t<h2 class=\"elementor-heading-title elementor-size-default\">Eficax Consultancy<\/h2>\t\t<\/div>\n\t\t\t\t<\/div>\n\t\t\t\t<div class=\"elementor-element elementor-element-37119d19 elementor-widget elementor-widget-text-editor\" data-id=\"37119d19\" data-element_type=\"widget\" data-widget_type=\"text-editor.default\">\n\t\t\t\t<div class=\"elementor-widget-container\">\n\t\t\t\t\t\t\t<p align=\"justify\">A Eficax Consultancy (SCS Assessoria e Consultoria Ltda) \u00e9 uma empresa de Consultoria atuante nas \u00e1reas de consultoria tribut\u00e1ria e consultoria em gest\u00e3o p\u00fablica municipal. Nossa atividade \u00e9 desempenhada por profissionais reconhecidos pela integridade, compet\u00eancia e habilidade em transformar seus conhecimentos em solu\u00e7\u00f5es para nossos clientes, onde contamos com equipe de apoio especializada nas \u00e1reas j\u00e1 relacionadas, estando assim capacitados ao prestar servi\u00e7os de alta qualidade, tendo obtido altos \u00edndices de satisfa\u00e7\u00e3o.<\/p><p align=\"justify\">No que se refere a Consultoria em Gest\u00e3o Tribut\u00e1ria Municipal especificamente, exerce seus servi\u00e7os pela atua\u00e7\u00e3o e coordena\u00e7\u00e3o do Dr. Pablo Sabadin Chaves, OAB\/RS 63.672, que \u00e9 especialista em Direito Tribut\u00e1rio e em Gest\u00e3o P\u00fablica Municipal. Profissional que j\u00e1 foi servidor p\u00fablico da Secretaria da Fazenda do Munic\u00edpio de Soledade \/ RS, que atuou por nove anos como Consultor em Gest\u00e3o de Servi\u00e7os em empresa l\u00edder no segmento de software para Gest\u00e3o P\u00fabica no RS, al\u00e9m de suas atividades de consultoria jur\u00eddica habituais, e que vem exercendo atividades de consultoria tribut\u00e1ria nos munic\u00edpios em que essa empresa atua.<\/p><p align=\"justify\">A Eficax Consultancy nasceu da atua\u00e7\u00e3o do Tributarista Dr. Pablo Sabadin Chaves, que sempre teve seu foco de atua\u00e7\u00e3o especificamente na presta\u00e7\u00e3o de servi\u00e7os voltados a maximiza\u00e7\u00e3o da arrecada\u00e7\u00e3o municipal por consultoria em gest\u00e3o tribut\u00e1ria, an\u00e1lise e elabora\u00e7\u00e3o de legisla\u00e7\u00f5es municipais, e na regulamenta\u00e7\u00e3o legal de procedimentos por parte do fisco municipal atrav\u00e9s de minutas de decretos, portarias e instru\u00e7\u00f5es normativas. No desempenho de suas atividades como palestrante atuante no Estado do Rio Grande do Sul, onde j\u00e1 proferiu palestras para Universidades, Escolas P\u00fablicas, Prefeituras Municipais, e para contadores atrav\u00e9s de sua atua\u00e7\u00e3o profissional, sempre envolvendo temas como cruzamento de dados, fiscaliza\u00e7\u00e3o eletr\u00f4nica e gest\u00e3o de tributos municipais, percebeu a necessidade de dedica\u00e7\u00e3o a esse ramo de atividade de consultoria especializada em tributa\u00e7\u00e3o municipal.<\/p><p align=\"justify\">Em sua carreira acad\u00eamica, \u00e9 autor do Livro \u201cIntelig\u00eancia Fiscal e Gest\u00e3o Tecnol\u00f3gica do Imposto Sobre Servi\u00e7os\u201d, bem como de artigos para congressos. Frequentemente ministra palestras para institui\u00e7\u00f5es de ensino t\u00e9cnico cont\u00e1bil nos temas de Direito Tribut\u00e1rio, Tributa\u00e7\u00e3o Municipal, Processo Fiscal e Procedimento Administrativo Fiscal, entre outros. Aliado a outros especialistas em \u00e1reas estrat\u00e9gicas da gest\u00e3o p\u00fablica, iniciou os processos de organiza\u00e7\u00e3o e gest\u00e3o da informa\u00e7\u00e3o e de processos, oferecendo servi\u00e7os de consultoria visando a excel\u00eancia dos servi\u00e7os p\u00fablicos pela aplica\u00e7\u00e3o de conceitos contempor\u00e2neos e vi\u00e1veis.<\/p><p align=\"justify\">Assim, a Eficax Consultancy tem como objetivos a atua\u00e7\u00e3o junto aos Munic\u00edpio para contribuir com a Administra\u00e7\u00e3o Municipal na realiza\u00e7\u00e3o de suas metas fiscais, trazer melhorias aos seus servi\u00e7os referentes \u00e0 tributa\u00e7\u00e3o pr\u00f3pria e viabilizar juridicamente uma melhor atua\u00e7\u00e3o da fiscaliza\u00e7\u00e3o e auditoria municipal na gest\u00e3o tribut\u00e1ria atrav\u00e9s da institui\u00e7\u00e3o do Planejamento Estrat\u00e9gico Tribut\u00e1rio Municipal.<\/p>\t\t\t\t\t\t<\/div>\n\t\t\t\t<\/div>\n\t\t\t\t<div class=\"elementor-element elementor-element-21f34ff elementor-widget elementor-widget-eael-adv-tabs\" data-id=\"21f34ff\" data-element_type=\"widget\" data-widget_type=\"eael-adv-tabs.default\">\n\t\t\t\t<div class=\"elementor-widget-container\">\n\t\t\t        <div id=\"eael-advance-tabs-21f34ff\" class=\"eael-advance-tabs eael-tabs-horizontal eael-tab-auto-active\" data-tabid=\"21f34ff\">\n            <div class=\"eael-tabs-nav\">\n                <ul class=\"eael-tab-inline-icon\">\n                                            <li id=\"misso\" class=\"inactive eael-tab-item-trigger\" aria-selected=\"true\" data-tab=\"1\" role=\"tab\" tabindex=\"0\" aria-controls=\"misso-tab\" aria-expanded=\"false\">\n                            \n                                                                <i class=\"fas fa-map-marker-alt\"><\/i>                                                            \n                                                            <span class=\"eael-tab-title  title-after-icon\">Miss\u00e3o<\/span>                            \n                                                    <\/li>\n                                            <li id=\"viso\" class=\"inactive eael-tab-item-trigger\" aria-selected=\"false\" data-tab=\"2\" role=\"tab\" tabindex=\"-1\" aria-controls=\"viso-tab\" aria-expanded=\"false\">\n                            \n                                                                <i class=\"fas fa-check-circle\"><\/i>                                                            \n                                                            <span class=\"eael-tab-title  title-after-icon\">Vis\u00e3o<\/span>                            \n                                                    <\/li>\n                                            <li id=\"valores\" class=\"inactive eael-tab-item-trigger\" aria-selected=\"false\" data-tab=\"3\" role=\"tab\" tabindex=\"-1\" aria-controls=\"valores-tab\" aria-expanded=\"false\">\n                            \n                                                                <i class=\"fas fa-lock\"><\/i>                                                            \n                                                            <span class=\"eael-tab-title  title-after-icon\">Valores<\/span>                            \n                                                    <\/li>\n                                    <\/ul>\n            <\/div>\n            \n            <div class=\"eael-tabs-content\">\n\t\t        \n                    <div id=\"misso-tab\" class=\"clearfix eael-tab-content-item inactive\" data-title-link=\"misso-tab\">\n\t\t\t\t        \t\t\t\t\t        <p>Promover o planejamento estrat\u00e9gico tribut\u00e1rio municipal, atrav\u00e9s da presta\u00e7\u00e3o de servi\u00e7os especializados de consultoria em Gest\u00e3o Tribut\u00e1ria e P\u00fablica, com excel\u00eancia e transfer\u00eancia de conhecimentos, que permitam capacitar os gestores p\u00fablicos para a pr\u00e1tica de conceitos contempor\u00e2neos gerenciais e estrat\u00e9gicos, assegurando a implementa\u00e7\u00e3o l\u00f3gica adequada de processos, fluxos e a\u00e7\u00f5es efetivas na condu\u00e7\u00e3o da coisa p\u00fablica.<\/p>\t\t\t\t                            <\/div>\n\t\t        \n                    <div id=\"viso-tab\" class=\"clearfix eael-tab-content-item inactive\" data-title-link=\"viso-tab\">\n\t\t\t\t        \t\t\t\t\t        <p>Alcan\u00e7ar a excel\u00eancia em consultoria para agentes p\u00fablicos na gest\u00e3o p\u00fablica e tribut\u00e1ria, consolidando um modelo contempor\u00e2neo gerencial e estrat\u00e9gico, atuando presencialmente na pr\u00e1tica e com efetividade, no intuito de surpreender nossos clientes.<\/p>\t\t\t\t                            <\/div>\n\t\t        \n                    <div id=\"valores-tab\" class=\"clearfix eael-tab-content-item inactive\" data-title-link=\"valores-tab\">\n\t\t\t\t        \t\t\t\t\t        <p>Inova\u00e7\u00e3o, Responsabilidade Social, Efetividade, Rentabilidade, Comprometimento.<\/p>\t\t\t\t                            <\/div>\n\t\t                    <\/div>\n        <\/div>\n\t\t<\/div>\n\t\t\t\t<\/div>\n\t\t\t\t\t<\/div>\n\t\t<\/div>\n\t\t\t\t\t\t\t<\/div>\n\t\t<\/section>\n\t\t\t\t<section class=\"elementor-section elementor-top-section elementor-element elementor-element-450a3de elementor-section-boxed elementor-section-height-default elementor-section-height-default\" data-id=\"450a3de\" data-element_type=\"section\">\n\t\t\t\t\t\t<div class=\"elementor-container elementor-column-gap-default\">\n\t\t\t\t\t<div class=\"elementor-column elementor-col-100 elementor-top-column elementor-element elementor-element-748863c\" data-id=\"748863c\" data-element_type=\"column\">\n\t\t\t<div class=\"elementor-widget-wrap elementor-element-populated\">\n\t\t\t\t\t\t\t\t<div class=\"elementor-element elementor-element-f068b98 elementor-align-center elementor-widget elementor-widget-button\" data-id=\"f068b98\" data-element_type=\"widget\" data-widget_type=\"button.default\">\n\t\t\t\t<div class=\"elementor-widget-container\">\n\t\t\t\t\t<div class=\"elementor-button-wrapper\">\n\t\t\t<a href=\"https:\/\/www.eficax.rs\/?page_id=43\" class=\"elementor-button-link elementor-button elementor-size-sm\" role=\"button\">\n\t\t\t\t\t\t<span class=\"elementor-button-content-wrapper\">\n\t\t\t\t\t\t<span class=\"elementor-button-text\">Fale Conosco<\/span>\n\t\t<\/span>\n\t\t\t\t\t<\/a>\n\t\t<\/div>\n\t\t\t\t<\/div>\n\t\t\t\t<\/div>\n\t\t\t\t\t<\/div>\n\t\t<\/div>\n\t\t\t\t\t\t\t<\/div>\n\t\t<\/section>\n\t\t\t\t\t\t\t<\/div>\n\t\t","protected":false},"excerpt":{"rendered":"<p>Eficax Consultancy A Eficax Consultancy (SCS Assessoria e Consultoria Ltda) \u00e9 uma empresa de Consultoria atuante nas \u00e1reas de consultoria tribut\u00e1ria e consultoria em gest\u00e3o p\u00fablica municipal. Nossa atividade \u00e9 desempenhada por profissionais reconhecidos pela integridade, compet\u00eancia e habilidade em transformar seus conhecimentos em solu\u00e7\u00f5es para nossos clientes, onde contamos com equipe de apoio especializada&hellip; <br \/> <a class=\"read-more\" href=\"https:\/\/www.eficax.rs\/?page_id=40\">Leia mais<\/a><\/p>\n","protected":false},"author":1,"featured_media":0,"parent":0,"menu_order":0,"comment_status":"closed","ping_status":"open","template":"","meta":[],"wppr_data":{"cwp_meta_box_check":"No"},"acf":[],"_links":{"self":[{"href":"https:\/\/www.eficax.rs\/index.php?rest_route=\/wp\/v2\/pages\/40"}],"collection":[{"href":"https:\/\/www.eficax.rs\/index.php?rest_route=\/wp\/v2\/pages"}],"about":[{"href":"https:\/\/www.eficax.rs\/index.php?rest_route=\/wp\/v2\/types\/page"}],"author":[{"embeddable":true,"href":"https:\/\/www.eficax.rs\/index.php?rest_route=\/wp\/v2\/users\/1"}],"replies":[{"embeddable":true,"href":"https:\/\/www.eficax.rs\/index.php?rest_route=%2Fwp%2Fv2%2Fcomments&post=40"}],"version-history":[{"count":11,"href":"https:\/\/www.eficax.rs\/index.php?rest_route=\/wp\/v2\/pages\/40\/revisions"}],"predecessor-version":[{"id":580,"href":"https:\/\/www.eficax.rs\/index.php?rest_route=\/wp\/v2\/pages\/40\/revisions\/580"}],"wp:attachment":[{"href":"https:\/\/www.eficax.rs\/index.php?rest_route=%2Fwp%2Fv2%2Fmedia&parent=40"}],"curies":[{"name":"wp","href":"https:\/\/api.w.org\/{rel}","templated":true}]}}